{"id":44,"date":"2024-06-18T11:29:56","date_gmt":"2024-06-18T11:29:56","guid":{"rendered":"http:\/\/www.luggagestorageparis.fr\/?page_id=44"},"modified":"2024-10-02T13:17:54","modified_gmt":"2024-10-02T13:17:54","slug":"luggage-storage-paris-guide","status":"publish","type":"page","link":"https:\/\/www.luggagestorageparis.fr\/it\/","title":{"rendered":"Deposito bagagli Parigi - Guida 2024"},"content":{"rendered":"<p>Esplorare la Citt\u00e0 della Luce con bagagli pesanti pu\u00f2 essere un'esperienza ingombrante, che appesantisce la vostra avventura e vi fa sentire appesantiti. Che si tratti di un visitatore per la prima volta o di un viaggiatore esperto di Parigi, trovare un luogo sicuro e conveniente per depositare le valigie \u00e8 fondamentale per sfruttare al meglio il tempo trascorso in questa affascinante citt\u00e0. In questa guida completa, esploreremo le varie opzioni di deposito bagagli disponibili a Parigi, assicurandovi di poter navigare con facilit\u00e0 tra i luoghi simbolo della citt\u00e0 e i suoi vivaci quartieri.<\/p>\n\n\n\n<figure class=\"wp-block-image aligncenter size-full is-resized\"><img loading=\"lazy\" decoding=\"async\" width=\"790\" height=\"170\" src=\"https:\/\/www.luggagestorageparis.fr\/wp-content\/uploads\/2024\/06\/Radical-Storage-alpha.png\" alt=\"\" class=\"wp-image-71\" style=\"width:442px;height:auto\" srcset=\"https:\/\/www.luggagestorageparis.fr\/wp-content\/uploads\/2024\/06\/Radical-Storage-alpha.png 790w, https:\/\/www.luggagestorageparis.fr\/wp-content\/uploads\/2024\/06\/Radical-Storage-alpha-300x65.png 300w, https:\/\/www.luggagestorageparis.fr\/wp-content\/uploads\/2024\/06\/Radical-Storage-alpha-768x165.png 768w\" sizes=\"auto, (max-width: 790px) 100vw, 790px\" \/><\/figure>\n\n\n\n<div class=\"wp-block-buttons is-content-justification-center is-layout-flex wp-container-core-buttons-is-layout-a89b3969 wp-block-buttons-is-layout-flex\">\n<div class=\"wp-block-button is-style-primary\"><a class=\"wp-block-button__link wp-element-button\" href=\"https:\/\/radicalstorage.com\/it\/deposito-bagagli\/parigi?utm_source=microblogs&amp;utm_medium=httpswww.luggagestorageparis.fr&amp;utm_campaign=parigi\">PRENOTA ORA<\/a><\/div>\n<\/div>\n\n\n\n<div style=\"height:25px\" aria-hidden=\"true\" class=\"wp-block-spacer\"><\/div>\n\n\n\n<h2 class=\"wp-block-heading\">Posso tenere le mie valigie da qualche parte a Parigi?<\/h2>\n\n\n\n<p>Parigi offre numerose soluzioni di deposito bagagli per soddisfare le esigenze dei viaggiatori. Dalle tradizionali strutture per il deposito dei bagagli alle innovative applicazioni di archiviazione e agli armadietti, ci sono molte opzioni tra cui scegliere, che vi permetteranno di esplorare la citt\u00e0 a mani libere e senza il fastidio di portare con voi borse ingombranti.<\/p>\n\n\n\n<h2 class=\"wp-block-heading\">Dove lasciare i bagagli a Parigi?<\/h2>\n\n\n\n<p>Parigi offre una serie di opzioni di deposito bagagli, tra cui:<\/p>\n\n\n\n<p>1. Applicazioni per il deposito bagagli: Servizi come <a href=\"https:\/\/radicalstorage.com\/\">Immagazzinamento radicale<\/a> offrono una rete di depositi sicuri in tutta la citt\u00e0, spesso all'interno di attivit\u00e0 locali come bar, hotel e negozi. Queste app consentono di prenotare e pagare online, offrendo un'esperienza comoda e senza problemi.<\/p>\n\n\n\n<p>2. Armadietti per i bagagli: Molte stazioni ferroviarie e attrazioni turistiche di Parigi offrono armadietti per i bagagli self-service a pagamento. Questi armadietti sono di varie dimensioni e possono essere affittati per poche ore o per un'intera giornata.<\/p>\n\n\n\n<p>3. Guardaroba: Alcuni musei, gallerie e attrazioni di Parigi dispongono di guardaroba dove \u00e8 possibile lasciare borse e cappotti a pagamento. Anche se non possono ospitare le valigie pi\u00f9 grandi, sono perfetti per riporre gli oggetti pi\u00f9 piccoli durante la visita.<\/p>\n\n\n\n<h2 class=\"wp-block-heading\">Posso depositare i bagagli in un hotel se non vi alloggio?<\/h2>\n\n\n\n<p>Nella maggior parte dei casi, gli hotel di Parigi offrono il servizio di deposito bagagli solo agli ospiti registrati. Tuttavia, alcuni hotel possono consentire ai non ospiti di depositare i bagagli a pagamento, a seconda della disponibilit\u00e0 e delle loro politiche. \u00c8 sempre meglio informarsi in anticipo per evitare qualsiasi inconveniente.<\/p>\n\n\n\n<h2 class=\"wp-block-heading\">Gli armadietti dei bagagli di Parigi sono sicuri?<\/h2>\n\n\n\n<p>Anche se gli armadietti per i bagagli possono essere un'opzione comoda, \u00e8 importante notare che non sono sicuri come i depositi sorvegliati. Si sono verificati casi di furto dagli armadietti, soprattutto nelle aree affollate. \u00c8 consigliabile utilizzare gli armadietti solo per brevi periodi ed evitare di riporvi oggetti di valore o documenti importanti.<\/p>\n\n\n\n<h2 class=\"wp-block-heading\">Quanto costa il deposito bagagli a Parigi?<\/h2>\n\n\n\n<p>Il costo del deposito bagagli a Parigi pu\u00f2 variare a seconda del fornitore del servizio e della durata del deposito. Le strutture tradizionali per il deposito dei bagagli presso le stazioni ferroviarie e gli aeroporti prevedono in genere una tariffa di circa 5-10 euro al giorno per bagaglio.&nbsp;<\/p>\n\n\n\n<p>Le app di deposito bagagli come Radical Storage offrono tariffe pi\u00f9 convenienti, a partire da circa 5 euro al giorno per bagaglio.<\/p>\n\n\n\n<h2 class=\"wp-block-heading\">Perch\u00e9 dovrei depositare i miei bagagli a Parigi con Radical Storage?<\/h2>\n\n\n\n<p>Radical Storage, un'azienda molto apprezzata, fornisce servizi da molti anni ed \u00e8 apprezzata dai turisti di tutto il mondo.<\/p>\n\n\n\n<p>L'azienda collabora con oltre 350 aziende locali, come hotel, ristoranti, negozi, ecc. e offre opzioni di deposito bagagli ovunque a Parigi. In questo modo \u00e8 molto comodo depositare i propri effetti personali in vari luoghi della citt\u00e0.<\/p>\n\n\n\n<p><a href=\"https:\/\/radicalstorage.com\/luggage-storage\/paris\">Conservazione radicale a Parigi<\/a> si distingue come la prima scelta per il deposito bagagli a Parigi per diversi motivi:<\/p>\n\n\n\n<p>1. Rete capillare: Con numerose sedi di stoccaggio in tutta Parigi, Radical Storage offre una convenienza e un'accessibilit\u00e0 senza pari.<\/p>\n\n\n\n<p>2. Convenienza: A soli 5 euro al giorno per bagaglio, Radical Storage offre un'alternativa economica alle tradizionali opzioni di deposito bagagli.<\/p>\n\n\n\n<p>3. Sicurezza robusta: Ogni deposito \u00e8 sottoposto a controlli accurati e i vostri beni sono protetti da una garanzia di sicurezza di 3.000 euro, per garantirvi la massima tranquillit\u00e0.<\/p>\n\n\n\n<p>4. Esperienza senza problemi: Una semplice prenotazione online e un rapido processo di check-in\/check-out di 3 minuti garantiscono un'esperienza senza problemi.<\/p>\n\n\n\n<p>5. Assistenza clienti eccezionale: L'assistenza clienti multilingue 24 ore su 24, 7 giorni su 7, \u00e8 disponibile per assistere i clienti in caso di domande o problemi.<\/p>\n\n\n\n<p>6. Approfondimenti locali: Approfittate degli approfondimenti locali forniti dagli host del deposito, che miglioreranno la vostra esperienza di viaggio e vi aiuteranno a sfruttare al meglio il vostro tempo a Parigi.<\/p>\n\n\n\n<h2 class=\"wp-block-heading\">Come si prenota un deposito bagagli a Parigi?<\/h2>\n\n\n\n<p>Prenotare il deposito bagagli con Radical Storage \u00e8 un processo semplice, pensato per la vostra comodit\u00e0:<\/p>\n\n\n\n<p>1. Esplora le sedi: Utilizzate la loro mappa interattiva per scoprire le opzioni di stoccaggio vicino alla posizione desiderata a Parigi. Filtrate i risultati in base agli orari di funzionamento, alla disponibilit\u00e0 e ad altro ancora per trovare la soluzione di stoccaggio perfetta.<\/p>\n\n\n\n<p>2. Selezionare e prenotare: Una volta scelto il partner di stoccaggio che soddisfa le vostre esigenze, prenotate il vostro tempo di stoccaggio online o tramite la loro app di facile utilizzo. Specificate gli orari di check-in e check-out che preferite, in base ai vostri impegni.<\/p>\n\n\n\n<p>3. Check-in: All'arrivo al deposito, presentate al personale la conferma della prenotazione con un codice QR. Il personale provveder\u00e0 a depositare i vostri bagagli in modo sicuro, assicurandovi la massima tranquillit\u00e0 mentre esplorate la citt\u00e0.<\/p>\n\n\n\n<p>4. Esplorare a mani libere: con i vostri bagagli al sicuro, potrete immergervi completamente nei luoghi e nelle esperienze di Parigi senza il peso di portare borse pesanti.<\/p>\n\n\n\n<p>5. Check-out: Quando si \u00e8 pronti a recuperare i propri effetti personali, \u00e8 sufficiente tornare al deposito a proprio piacimento. Presentate il vostro codice QR per un check-out rapido ed efficiente, che vi permetter\u00e0 di continuare il vostro viaggio con facilit\u00e0.<\/p>\n\n\n\n<figure class=\"wp-block-image aligncenter size-full is-resized\"><a href=\"https:\/\/radicalstorage.com\/luggage-storage\/paris\"><img loading=\"lazy\" decoding=\"async\" width=\"360\" height=\"350\" src=\"https:\/\/www.luggagestorageparis.fr\/wp-content\/uploads\/2024\/06\/radical-storage-app-3.png\" alt=\"\" class=\"wp-image-48\" style=\"width:323px;height:auto\" srcset=\"https:\/\/www.luggagestorageparis.fr\/wp-content\/uploads\/2024\/06\/radical-storage-app-3.png 360w, https:\/\/www.luggagestorageparis.fr\/wp-content\/uploads\/2024\/06\/radical-storage-app-3-300x292.png 300w\" sizes=\"auto, (max-width: 360px) 100vw, 360px\" \/><\/a><\/figure>\n\n\n\n<div class=\"wp-block-buttons is-content-justification-center is-layout-flex wp-container-core-buttons-is-layout-a89b3969 wp-block-buttons-is-layout-flex\">\n<div class=\"wp-block-button is-style-primary\"><a class=\"wp-block-button__link wp-element-button\" href=\"https:\/\/radicalstorage.com\/it\/deposito-bagagli\/parigi?utm_source=microblogs&amp;utm_medium=httpswww.luggagestorageparis.fr&amp;utm_campaign=parigi\">PRENOTA ORA<\/a><\/div>\n<\/div>\n\n\n\n<div style=\"height:46px\" aria-hidden=\"true\" class=\"wp-block-spacer\"><\/div>\n\n\n\n<h2 class=\"wp-block-heading\">Dove trovare un deposito bagagli vicino alle principali stazioni ferroviarie di Parigi?<\/h2>\n\n\n\n<p>Parigi ospita diverse stazioni ferroviarie importanti e trovare un deposito bagagli vicino a questi snodi di trasporto pu\u00f2 essere una salvezza per i viaggiatori. Ecco alcune opzioni:<\/p>\n\n\n\n<ul class=\"wp-block-list\">\n<li>Gare du Nord: Questa stazione \u00e8 un importante snodo per i treni internazionali e nazionali, compresi i treni ad alta velocit\u00e0 per il Belgio, i Paesi Bassi e la Germania.<\/li>\n\n\n\n<li>Gare de Lyon: Questa stazione \u00e8 una porta d'accesso al sud-est della Francia, alla Svizzera e all'Italia, con collegamenti alla rete ferroviaria ad alta velocit\u00e0 TGV.<\/li>\n\n\n\n<li>Gare de l'Est: Questa stazione serve principalmente i treni da e per la Francia orientale, la Germania e il Lussemburgo.<\/li>\n\n\n\n<li>Gare Montparnasse: Questa stazione \u00e8 un importante nodo di trasporto per i treni da e per la Francia occidentale e sudoccidentale.<\/li>\n\n\n\n<li>Gare Saint Lazare: Questa stazione funge da snodo per i treni da e per la Normandia e la Francia nord-occidentale.<\/li>\n\n\n\n<li>Ch\u00e2telet Les Halles: Questa stazione \u00e8 un importante snodo dei trasporti nel cuore di Parigi e serve diverse linee della metropolitana e treni RER.<\/li>\n<\/ul>\n\n\n\n<h2 class=\"wp-block-heading\">Il Louvre conserva le borse?<\/h2>\n\n\n\n<p>Il Museo del Louvre, uno dei musei d'arte pi\u00f9 rinomati al mondo, applica severe misure di sicurezza. Mentre sono consentite borse e borsette di piccole dimensioni, i visitatori non possono portare all'interno del museo bagagli o zaini di grandi dimensioni.&nbsp;<\/p>\n\n\n\n<p>Il Louvre non offre servizi di deposito bagagli all'interno dei suoi locali, quindi \u00e8 meglio pianificare di conseguenza e utilizzare una delle opzioni di deposito bagagli nelle vicinanze fornite da Radical Storage.<\/p>\n\n\n\n<h2 class=\"wp-block-heading\">Dove trovare un deposito bagagli vicino alle principali attrazioni di Parigi?<\/h2>\n\n\n\n<p>Parigi \u00e8 rinomata per le sue attrazioni iconiche, e avere un posto comodo dove riporre le valigie pu\u00f2 migliorare la vostra esperienza turistica. Ecco alcune attrazioni popolari e le possibilit\u00e0 di deposito bagagli nelle vicinanze:<\/p>\n\n\n\n<ul class=\"wp-block-list\">\n<li>Torre Eiffel: questo iconico punto di riferimento \u00e8 una tappa obbligata di qualsiasi itinerario parigino. I depositi bagagli nelle vicinanze si trovano nelle zone di Champ de Mars e Trocad\u00e9ro.<\/li>\n\n\n\n<li>Montmartre: Questo affascinante quartiere ospita la famosa Basilica del Sacro Cuore e vivaci scene di strada. Nelle zone circostanti sono disponibili opzioni di deposito bagagli.<\/li>\n\n\n\n<li>Porte Maillot: Questa zona \u00e8 una porta d'accesso agli Champs-\u00c9lys\u00e9es e all'Arco di Trionfo. Nei pressi di questi luoghi simbolo si trovano i depositi per i bagagli.<\/li>\n\n\n\n<li>Arco di Trionfo: Questo iconico monumento si trova all'estremit\u00e0 occidentale degli Champs-\u00c9lys\u00e9es. Nelle aree circostanti sono disponibili depositi per i bagagli.<\/li>\n\n\n\n<li>Museo d'Orsay: Questo rinomato museo d'arte, ospitato in un'ex stazione ferroviaria, offre la possibilit\u00e0 di depositare i bagagli nelle vicinanze.<\/li>\n\n\n\n<li>Galeries Lafayette Haussmann: questo iconico grande magazzino \u00e8 una popolare destinazione per lo shopping. Nelle vicinanze si trova un deposito bagagli.<\/li>\n\n\n\n<li>Notre-Dame de Paris: Mentre la famosa cattedrale \u00e8 attualmente in fase di restauro, nel Quartiere Latino circostante \u00e8 possibile depositare i bagagli.<\/li>\n\n\n\n<li>Quartiere latino: questo vivace quartiere \u00e8 un crocevia di studenti, artisti e visitatori. In tutta la zona \u00e8 possibile trovare un deposito bagagli.<\/li>\n\n\n\n<li>Disneyland Paris: Questo parco a tema di fama mondiale attira visitatori da tutto il mondo. Sono disponibili depositi per i bagagli vicino agli ingressi del parco.<\/li>\n\n\n\n<li>Palazzo di Versailles: Questo magnifico palazzo e i suoi giardini si trovano alle porte di Parigi. Nei pressi del palazzo e nelle aree circostanti \u00e8 possibile trovare un deposito bagagli.<\/li>\n<\/ul>\n\n\n\n<h2 class=\"wp-block-heading\">L'aeroporto di Parigi dispone di un deposito bagagli?<\/h2>\n\n\n\n<p>L'aeroporto di Parigi Charles de Gaulle \u00e8 situato a 25 km dal centro di Parigi.<\/p>\n\n\n\n<p><strong>Deposito bagagli Charles de Gaulle<\/strong> Il servizio \u00e8 fornito da \"Bagages du Monde\", dove \u00e8 possibile lasciare i propri bagagli in tutta sicurezza presso una struttura all'interno del terminal 2.<\/p>\n\n\n\n<p>Tuttavia, i prezzi per questo servizio sono piuttosto elevati. In un arco di tempo di 3 ore, il costo va da 3 a 8 euro in base al peso del bagaglio. Per 24 ore, il costo va da 10 a 34 euro.<\/p>\n\n\n\n<p>Per evitare i costi elevati e la potenziale folla nei depositi bagagli degli aeroporti, prendete in considerazione fornitori alternativi di depositi bagagli come Radical Storage, che offre una rete di depositi sicuri vicino agli aeroporti a prezzi pi\u00f9 convenienti.<\/p>\n\n\n\n<h2 class=\"wp-block-heading\">Come si fa a tenere al sicuro i propri effetti personali a Parigi?<\/h2>\n\n\n\n<p>Sebbene Parigi sia generalmente una citt\u00e0 sicura, \u00e8 sempre importante prendere precauzioni per proteggere i propri effetti personali da furti o smarrimenti. Ecco alcuni consigli:<\/p>\n\n\n\n<ul class=\"wp-block-list\">\n<li>Utilizzate i servizi di deposito bagagli come Radical Storage per tenere al sicuro le vostre valigie mentre esplorate la citt\u00e0.<\/li>\n\n\n\n<li>Evitate di portare con voi quantit\u00e0 eccessive di contanti o oggetti di valore.<\/li>\n\n\n\n<li>Siate vigili nelle aree affollate, come le attrazioni turistiche, i mezzi di trasporto pubblico e i mercati, perch\u00e9 i borseggiatori prendono spesso di mira questi luoghi.<\/li>\n\n\n\n<li>Utilizzate borse a tracolla o cinture portavalori per tenere gli oggetti di valore vicino al corpo e fuori dalla vista.<\/li>\n\n\n\n<li>Evitate di lasciare le vostre cose incustodite, anche per un breve periodo.<\/li>\n\n\n\n<li>Siate prudenti quando utilizzate i bancomat e coprite la tastiera quando digitate il PIN.<\/li>\n\n\n\n<li>Conservate le fotocopie o le copie digitali dei vostri documenti importanti in un luogo separato dagli originali.<\/li>\n<\/ul>\n\n\n\n<h2 class=\"wp-block-heading\">Cosa vorrei sapere prima di andare a Parigi?&nbsp;<\/h2>\n\n\n\n<p>Visitare Parigi pu\u00f2 essere un'esperienza travolgente, soprattutto per chi viaggia per la prima volta. Ecco alcune indicazioni che avrebbero potuto rendere il viaggio pi\u00f9 agevole:<\/p>\n\n\n\n<ul class=\"wp-block-list\">\n<li>Imparate alcune frasi francesi di base: Anche se molti parigini capiscono l'inglese, sforzarsi di imparare alcune frasi in francese pu\u00f2 contribuire a rendere pi\u00f9 piacevoli le interazioni.<\/li>\n\n\n\n<li>Abbracciate la cultura del caff\u00e8: I caff\u00e8 parigini non sono solo luoghi dove mangiare e bere. Sono parte integrante della cultura della citt\u00e0 e un luogo ideale per osservare la gente.<\/li>\n\n\n\n<li>Vestitevi in modo appropriato: I parigini sono orgogliosi del loro aspetto e l'abbigliamento casual \u00e8 generalmente disapprovato nei ristoranti e nelle attrazioni pi\u00f9 raffinate.<\/li>\n\n\n\n<li>Rispettare le norme culturali: Comprendere e rispettare le usanze locali, come ad esempio non rivolgersi alle persone con il \"tu\" (l'informale \"tu\") a meno che non si sia invitati a farlo.<\/li>\n\n\n\n<li>Preparatevi alla folla: Parigi \u00e8 una destinazione turistica molto popolare e attrazioni come il Louvre e la Torre Eiffel possono essere estremamente affollate. Pianificate di conseguenza e prendete in considerazione l'acquisto di biglietti \"salta fila\" o la visita in orari non di punta.<\/li>\n\n\n\n<li>Convalidate i biglietti della metropolitana: Ricordatevi di convalidare i biglietti della metropolitana alle macchinette gialle prima di salire a bordo per evitare multe.<\/li>\n\n\n\n<li>Abbracciate l'arte della flanerie: Il concetto francese di passeggiare con calma e apprezzare l'architettura e l'ambiente della citt\u00e0 \u00e8 una parte essenziale dell'esperienza parigina.<\/li>\n<\/ul>\n\n\n\n<p>Tenendo a mente queste indicazioni e utilizzando i servizi di deposito bagagli come Radical Storage, potrete assicurarvi una visita pi\u00f9 fluida e piacevole alla Citt\u00e0 delle Luci.<\/p>","protected":false},"excerpt":{"rendered":"<p>Exploring the City of Light with heavy luggage can be a cumbersome experience, weighing down your adventure and leaving you feeling burdened. Whether you&#8217;re a first-time visitor or a seasoned traveler to Paris, finding a secure and convenient place to store your bags is crucial for making the most of your time in this captivating [&hellip;]<\/p>\n","protected":false},"author":1,"featured_media":113,"parent":0,"menu_order":0,"comment_status":"closed","ping_status":"closed","template":"","meta":{"footnotes":""},"class_list":["post-44","page","type-page","status-publish","has-post-thumbnail","hentry"],"yoast_head":"<!-- This site is optimized with the Yoast SEO plugin v27.5 - https:\/\/yoast.com\/product\/yoast-seo-wordpress\/ -->\n<title>Luggage Storage Paris - Guide 2024 - luggagestorageparis.fr<\/title>\n<meta name=\"robots\" content=\"index, follow, max-snippet:-1, max-image-preview:large, max-video-preview:-1\" \/>\n<link rel=\"canonical\" href=\"https:\/\/www.luggagestorageparis.fr\/it\/\" \/>\n<meta property=\"og:locale\" content=\"it_IT\" \/>\n<meta property=\"og:type\" content=\"article\" \/>\n<meta property=\"og:title\" content=\"Luggage Storage Paris - Guide 2024 - luggagestorageparis.fr\" \/>\n<meta property=\"og:description\" content=\"Exploring the City of Light with heavy luggage can be a cumbersome experience, weighing down your adventure and leaving you feeling burdened. Whether you&#8217;re a first-time visitor or a seasoned traveler to Paris, finding a secure and convenient place to store your bags is crucial for making the most of your time in this captivating [&hellip;]\" \/>\n<meta property=\"og:url\" content=\"https:\/\/www.luggagestorageparis.fr\/it\/\" \/>\n<meta property=\"og:site_name\" content=\"luggagestorageparis.fr\" \/>\n<meta property=\"article:modified_time\" content=\"2024-10-02T13:17:54+00:00\" \/>\n<meta property=\"og:image\" content=\"https:\/\/www.luggagestorageparis.fr\/wp-content\/uploads\/2024\/07\/paris-radical-storage.jpg\" \/>\n\t<meta property=\"og:image:width\" content=\"1920\" \/>\n\t<meta property=\"og:image:height\" content=\"1284\" \/>\n\t<meta property=\"og:image:type\" content=\"image\/jpeg\" \/>\n<meta name=\"twitter:card\" content=\"summary_large_image\" \/>\n<meta name=\"twitter:label1\" content=\"Tempo di lettura stimato\" \/>\n\t<meta name=\"twitter:data1\" content=\"9 minuti\" \/>\n<script type=\"application\/ld+json\" class=\"yoast-schema-graph\">{\"@context\":\"https:\\\/\\\/schema.org\",\"@graph\":[{\"@type\":\"WebPage\",\"@id\":\"https:\\\/\\\/www.luggagestorageparis.fr\\\/\",\"url\":\"https:\\\/\\\/www.luggagestorageparis.fr\\\/\",\"name\":\"Luggage Storage Paris - Guide 2024 - luggagestorageparis.fr\",\"isPartOf\":{\"@id\":\"https:\\\/\\\/www.luggagestorageparis.fr\\\/#website\"},\"primaryImageOfPage\":{\"@id\":\"https:\\\/\\\/www.luggagestorageparis.fr\\\/#primaryimage\"},\"image\":{\"@id\":\"https:\\\/\\\/www.luggagestorageparis.fr\\\/#primaryimage\"},\"thumbnailUrl\":\"https:\\\/\\\/www.luggagestorageparis.fr\\\/wp-content\\\/uploads\\\/2024\\\/07\\\/paris-radical-storage.jpg\",\"datePublished\":\"2024-06-18T11:29:56+00:00\",\"dateModified\":\"2024-10-02T13:17:54+00:00\",\"breadcrumb\":{\"@id\":\"https:\\\/\\\/www.luggagestorageparis.fr\\\/#breadcrumb\"},\"inLanguage\":\"it-IT\",\"potentialAction\":[{\"@type\":\"ReadAction\",\"target\":[\"https:\\\/\\\/www.luggagestorageparis.fr\\\/\"]}]},{\"@type\":\"ImageObject\",\"inLanguage\":\"it-IT\",\"@id\":\"https:\\\/\\\/www.luggagestorageparis.fr\\\/#primaryimage\",\"url\":\"https:\\\/\\\/www.luggagestorageparis.fr\\\/wp-content\\\/uploads\\\/2024\\\/07\\\/paris-radical-storage.jpg\",\"contentUrl\":\"https:\\\/\\\/www.luggagestorageparis.fr\\\/wp-content\\\/uploads\\\/2024\\\/07\\\/paris-radical-storage.jpg\",\"width\":1920,\"height\":1284,\"caption\":\"paris luggage storage\"},{\"@type\":\"BreadcrumbList\",\"@id\":\"https:\\\/\\\/www.luggagestorageparis.fr\\\/#breadcrumb\",\"itemListElement\":[{\"@type\":\"ListItem\",\"position\":1,\"name\":\"Home\",\"item\":\"https:\\\/\\\/www.luggagestorageparis.fr\\\/\"},{\"@type\":\"ListItem\",\"position\":2,\"name\":\"Luggage Storage Paris &#8211; Guide 2024\"}]},{\"@type\":\"WebSite\",\"@id\":\"https:\\\/\\\/www.luggagestorageparis.fr\\\/#website\",\"url\":\"https:\\\/\\\/www.luggagestorageparis.fr\\\/\",\"name\":\"luggagestorageparis.fr\",\"description\":\"\",\"potentialAction\":[{\"@type\":\"SearchAction\",\"target\":{\"@type\":\"EntryPoint\",\"urlTemplate\":\"https:\\\/\\\/www.luggagestorageparis.fr\\\/?s={search_term_string}\"},\"query-input\":{\"@type\":\"PropertyValueSpecification\",\"valueRequired\":true,\"valueName\":\"search_term_string\"}}],\"inLanguage\":\"it-IT\"}]}<\/script>\n<!-- \/ Yoast SEO plugin. -->","yoast_head_json":{"title":"Deposito bagagli Parigi - Guida 2024 - luggagestorageparis.fr","robots":{"index":"index","follow":"follow","max-snippet":"max-snippet:-1","max-image-preview":"max-image-preview:large","max-video-preview":"max-video-preview:-1"},"canonical":"https:\/\/www.luggagestorageparis.fr\/it\/","og_locale":"it_IT","og_type":"article","og_title":"Luggage Storage Paris - Guide 2024 - luggagestorageparis.fr","og_description":"Exploring the City of Light with heavy luggage can be a cumbersome experience, weighing down your adventure and leaving you feeling burdened. Whether you&#8217;re a first-time visitor or a seasoned traveler to Paris, finding a secure and convenient place to store your bags is crucial for making the most of your time in this captivating [&hellip;]","og_url":"https:\/\/www.luggagestorageparis.fr\/it\/","og_site_name":"luggagestorageparis.fr","article_modified_time":"2024-10-02T13:17:54+00:00","og_image":[{"width":1920,"height":1284,"url":"https:\/\/www.luggagestorageparis.fr\/wp-content\/uploads\/2024\/07\/paris-radical-storage.jpg","type":"image\/jpeg"}],"twitter_card":"summary_large_image","twitter_misc":{"Tempo di lettura stimato":"9 minuti"},"schema":{"@context":"https:\/\/schema.org","@graph":[{"@type":"WebPage","@id":"https:\/\/www.luggagestorageparis.fr\/","url":"https:\/\/www.luggagestorageparis.fr\/","name":"Deposito bagagli Parigi - Guida 2024 - luggagestorageparis.fr","isPartOf":{"@id":"https:\/\/www.luggagestorageparis.fr\/#website"},"primaryImageOfPage":{"@id":"https:\/\/www.luggagestorageparis.fr\/#primaryimage"},"image":{"@id":"https:\/\/www.luggagestorageparis.fr\/#primaryimage"},"thumbnailUrl":"https:\/\/www.luggagestorageparis.fr\/wp-content\/uploads\/2024\/07\/paris-radical-storage.jpg","datePublished":"2024-06-18T11:29:56+00:00","dateModified":"2024-10-02T13:17:54+00:00","breadcrumb":{"@id":"https:\/\/www.luggagestorageparis.fr\/#breadcrumb"},"inLanguage":"it-IT","potentialAction":[{"@type":"ReadAction","target":["https:\/\/www.luggagestorageparis.fr\/"]}]},{"@type":"ImageObject","inLanguage":"it-IT","@id":"https:\/\/www.luggagestorageparis.fr\/#primaryimage","url":"https:\/\/www.luggagestorageparis.fr\/wp-content\/uploads\/2024\/07\/paris-radical-storage.jpg","contentUrl":"https:\/\/www.luggagestorageparis.fr\/wp-content\/uploads\/2024\/07\/paris-radical-storage.jpg","width":1920,"height":1284,"caption":"paris luggage storage"},{"@type":"BreadcrumbList","@id":"https:\/\/www.luggagestorageparis.fr\/#breadcrumb","itemListElement":[{"@type":"ListItem","position":1,"name":"Home","item":"https:\/\/www.luggagestorageparis.fr\/"},{"@type":"ListItem","position":2,"name":"Luggage Storage Paris &#8211; Guide 2024"}]},{"@type":"WebSite","@id":"https:\/\/www.luggagestorageparis.fr\/#website","url":"https:\/\/www.luggagestorageparis.fr\/","name":"luggagestorageparis.fr","description":"","potentialAction":[{"@type":"SearchAction","target":{"@type":"EntryPoint","urlTemplate":"https:\/\/www.luggagestorageparis.fr\/?s={search_term_string}"},"query-input":{"@type":"PropertyValueSpecification","valueRequired":true,"valueName":"search_term_string"}}],"inLanguage":"it-IT"}]}},"_links":{"self":[{"href":"https:\/\/www.luggagestorageparis.fr\/it\/wp-json\/wp\/v2\/pages\/44","targetHints":{"allow":["GET"]}}],"collection":[{"href":"https:\/\/www.luggagestorageparis.fr\/it\/wp-json\/wp\/v2\/pages"}],"about":[{"href":"https:\/\/www.luggagestorageparis.fr\/it\/wp-json\/wp\/v2\/types\/page"}],"author":[{"embeddable":true,"href":"https:\/\/www.luggagestorageparis.fr\/it\/wp-json\/wp\/v2\/users\/1"}],"replies":[{"embeddable":true,"href":"https:\/\/www.luggagestorageparis.fr\/it\/wp-json\/wp\/v2\/comments?post=44"}],"version-history":[{"count":0,"href":"https:\/\/www.luggagestorageparis.fr\/it\/wp-json\/wp\/v2\/pages\/44\/revisions"}],"wp:featuredmedia":[{"embeddable":true,"href":"https:\/\/www.luggagestorageparis.fr\/it\/wp-json\/wp\/v2\/media\/113"}],"wp:attachment":[{"href":"https:\/\/www.luggagestorageparis.fr\/it\/wp-json\/wp\/v2\/media?parent=44"}],"curies":[{"name":"wp","href":"https:\/\/api.w.org\/{rel}","templated":true}]}}