{"id":44,"date":"2024-06-18T11:29:56","date_gmt":"2024-06-18T11:29:56","guid":{"rendered":"http:\/\/www.luggagestorageparis.fr\/?page_id=44"},"modified":"2024-10-02T13:17:54","modified_gmt":"2024-10-02T13:17:54","slug":"luggage-storage-paris-guide","status":"publish","type":"page","link":"https:\/\/www.luggagestorageparis.fr\/es\/","title":{"rendered":"Consigna de equipajes Par\u00eds - Gu\u00eda 2024"},"content":{"rendered":"<p>Explorar la Ciudad de la Luz con un equipaje pesado puede ser una experiencia engorrosa, que lastre su aventura y le haga sentirse agobiado. Tanto si es la primera vez que visita Par\u00eds como si es un viajero experimentado, encontrar un lugar seguro y c\u00f3modo para guardar su equipaje es crucial para aprovechar al m\u00e1ximo su estancia en esta cautivadora ciudad. En esta completa gu\u00eda, exploraremos las diversas opciones de consigna de equipaje disponibles en Par\u00eds, asegur\u00e1ndonos de que pueda navegar por los lugares emblem\u00e1ticos de la ciudad y sus vibrantes barrios con facilidad.<\/p>\n\n\n\n<figure class=\"wp-block-image aligncenter size-full is-resized\"><img loading=\"lazy\" decoding=\"async\" width=\"790\" height=\"170\" src=\"https:\/\/www.luggagestorageparis.fr\/wp-content\/uploads\/2024\/06\/Radical-Storage-alpha.png\" alt=\"\" class=\"wp-image-71\" style=\"width:442px;height:auto\" srcset=\"https:\/\/www.luggagestorageparis.fr\/wp-content\/uploads\/2024\/06\/Radical-Storage-alpha.png 790w, https:\/\/www.luggagestorageparis.fr\/wp-content\/uploads\/2024\/06\/Radical-Storage-alpha-300x65.png 300w, https:\/\/www.luggagestorageparis.fr\/wp-content\/uploads\/2024\/06\/Radical-Storage-alpha-768x165.png 768w\" sizes=\"auto, (max-width: 790px) 100vw, 790px\" \/><\/figure>\n\n\n\n<div class=\"wp-block-buttons is-content-justification-center is-layout-flex wp-container-core-buttons-is-layout-a89b3969 wp-block-buttons-is-layout-flex\">\n<div class=\"wp-block-button is-style-primary\"><a class=\"wp-block-button__link wp-element-button\" href=\"https:\/\/radicalstorage.com\/es\/consigna-equipaje\/paris?utm_source=microblogs&amp;utm_medium=httpswww.luggagestorageparis.fr&amp;utm_campaign=paris\">RESERVAR AHORA<\/a><\/div>\n<\/div>\n\n\n\n<div style=\"height:25px\" aria-hidden=\"true\" class=\"wp-block-spacer\"><\/div>\n\n\n\n<h2 class=\"wp-block-heading\">\u00bfPuedo guardar mis maletas en alg\u00fan lugar de Par\u00eds?<\/h2>\n\n\n\n<p>Par\u00eds ofrece numerosas soluciones de consigna de equipaje para satisfacer las necesidades de los viajeros. Desde las tradicionales consignas de equipaje hasta innovadoras aplicaciones de almacenamiento y taquillas, hay muchas opciones entre las que elegir, para que pueda explorar la ciudad con las manos libres y sin la molestia de llevar inc\u00f3modas maletas.<\/p>\n\n\n\n<h2 class=\"wp-block-heading\">\u00bfD\u00f3nde dejar mi equipaje en Par\u00eds?<\/h2>\n\n\n\n<p>Par\u00eds ofrece varias opciones para guardar el equipaje:<\/p>\n\n\n\n<p>1. Apps de consigna: Servicios como <a href=\"https:\/\/radicalstorage.com\/\">Almacenamiento radical<\/a> ofrecen una red de almacenes seguros por toda la ciudad, a menudo en negocios locales como cafeter\u00edas, hoteles y tiendas. Estas aplicaciones te permiten reservar y pagar en l\u00ednea, lo que supone una experiencia c\u00f3moda y sin complicaciones.<\/p>\n\n\n\n<p>2. Consignas: Muchas de las estaciones de tren y atracciones tur\u00edsticas de Par\u00eds ofrecen consignas de equipaje de autoservicio por un m\u00f3dico precio. Las hay de varios tama\u00f1os y pueden alquilarse por unas horas o por un d\u00eda entero.<\/p>\n\n\n\n<p>3. Guardarropa: Algunos museos, galer\u00edas y atracciones de Par\u00eds disponen de guardarropa donde podr\u00e1 dejar sus bolsos y abrigos por un precio simb\u00f3lico. Aunque no caben maletas grandes, son perfectos para guardar objetos peque\u00f1os durante la visita.<\/p>\n\n\n\n<h2 class=\"wp-block-heading\">\u00bfPuedo guardar el equipaje en un hotel si no me alojo en \u00e9l?<\/h2>\n\n\n\n<p>En la mayor\u00eda de los casos, los hoteles de Par\u00eds s\u00f3lo ofrecen servicios de consigna de equipaje a sus hu\u00e9spedes registrados. Sin embargo, algunos hoteles pueden permitir que los no hu\u00e9spedes guarden sus maletas pagando una tarifa, dependiendo de la disponibilidad y de sus pol\u00edticas. Siempre es mejor informarse con antelaci\u00f3n para evitar inconvenientes.<\/p>\n\n\n\n<h2 class=\"wp-block-heading\">\u00bfSon seguras las consignas de Par\u00eds?<\/h2>\n\n\n\n<p>Aunque las consignas pueden ser una opci\u00f3n c\u00f3moda, es importante tener en cuenta que no son tan seguras como los almacenes vigilados. Se han dado casos de robos en taquillas, sobre todo en zonas muy concurridas. Es aconsejable utilizar las taquillas s\u00f3lo durante periodos cortos y evitar guardar en ellas objetos de valor o documentos importantes.<\/p>\n\n\n\n<h2 class=\"wp-block-heading\">\u00bfCu\u00e1nto cuesta la consigna de equipaje en Par\u00eds?<\/h2>\n\n\n\n<p>El coste de la consigna de equipaje en Par\u00eds puede variar en funci\u00f3n del proveedor del servicio y de la duraci\u00f3n de la consigna. Las consignas tradicionales de las estaciones de tren y los aeropuertos suelen cobrar entre 5 y 10 euros por maleta y d\u00eda.&nbsp;<\/p>\n\n\n\n<p>Aplicaciones de consigna como Radical Storage ofrecen tarifas m\u00e1s asequibles, a partir de unos 5 \u20ac por maleta y d\u00eda.<\/p>\n\n\n\n<h2 class=\"wp-block-heading\">\u00bfPor qu\u00e9 deber\u00eda guardar mi equipaje en Par\u00eds con Radical Storage?<\/h2>\n\n\n\n<p>Radical Storage, una empresa de gran prestigio, lleva muchos a\u00f1os prestando sus servicios y goza del favor de turistas de todo el mundo.<\/p>\n\n\n\n<p>La empresa est\u00e1 asociada con m\u00e1s de 350 comercios locales, como hoteles, restaurantes, tiendas, etc., que ofrecen la posibilidad de guardar el equipaje en cualquier lugar de Par\u00eds. Esto hace que guardar sus pertenencias en varios lugares de la ciudad resulte muy c\u00f3modo.<\/p>\n\n\n\n<p><a href=\"https:\/\/radicalstorage.com\/luggage-storage\/paris\">Almacenamiento radical en Par\u00eds<\/a> destaca como la primera opci\u00f3n de consigna de equipajes en Par\u00eds por varias razones:<\/p>\n\n\n\n<p>1. Amplia red: Con numerosas ubicaciones de almacenamiento en todo Par\u00eds, Radical Storage ofrece una comodidad y accesibilidad inigualables.<\/p>\n\n\n\n<p>2. Asequibilidad: A s\u00f3lo 5 euros por maleta y d\u00eda, Radical Storage ofrece una alternativa rentable a las opciones tradicionales de almacenamiento de equipaje.<\/p>\n\n\n\n<p>3. Seguridad robusta: Todos los almacenes se examinan minuciosamente y tus pertenencias est\u00e1n protegidas con una garant\u00eda de seguridad de 3.000 euros, lo que garantiza tu tranquilidad.<\/p>\n\n\n\n<p>4. Experiencia perfecta: Las sencillas reservas online y un r\u00e1pido proceso de entrada y salida de 3 minutos garantizan una experiencia sin complicaciones.<\/p>\n\n\n\n<p>5. Atenci\u00f3n al cliente excepcional: Un servicio de atenci\u00f3n al cliente multiling\u00fce disponible las 24 horas del d\u00eda, los 7 d\u00edas de la semana, est\u00e1 a tu disposici\u00f3n para ayudarte con cualquier duda o problema que puedas tener.<\/p>\n\n\n\n<p>6. Informaci\u00f3n local: Benef\u00edciese de los puntos de vista locales proporcionados por los anfitriones de almacenamiento, mejorando su experiencia de viaje y ayud\u00e1ndole a aprovechar al m\u00e1ximo su tiempo en Par\u00eds.<\/p>\n\n\n\n<h2 class=\"wp-block-heading\">\u00bfC\u00f3mo reservar una consigna de equipaje en Par\u00eds?<\/h2>\n\n\n\n<p>Reservar una consigna de equipaje con Radical Storage es un proceso sencillo dise\u00f1ado para su comodidad:<\/p>\n\n\n\n<p>1. Explorar ubicaciones: Utiliza su mapa interactivo para descubrir opciones de almacenamiento cerca de la ubicaci\u00f3n deseada en Par\u00eds. Filtra los resultados en funci\u00f3n de las horas de funcionamiento, la disponibilidad y mucho m\u00e1s para encontrar la soluci\u00f3n de almacenamiento perfecta.<\/p>\n\n\n\n<p>2. Seleccionar y reservar: Una vez que hayas elegido un socio de almacenamiento que se adapte a tus necesidades, reserva tu tiempo de almacenamiento en l\u00ednea o a trav\u00e9s de su aplicaci\u00f3n f\u00e1cil de usar. Especifica las horas de entrada y salida que prefieras para adaptarlas a tu horario.<\/p>\n\n\n\n<p>3. Facturaci\u00f3n: Al llegar al almac\u00e9n, presente al personal su confirmaci\u00f3n de reserva con un c\u00f3digo QR. Ellos guardar\u00e1n tus maletas de forma segura, garantizando tu tranquilidad mientras exploras la ciudad.<\/p>\n\n\n\n<p>4. Explore con las manos libres: Con su equipaje a buen recaudo, podr\u00e1 sumergirse por completo en las vistas y experiencias de Par\u00eds sin la carga de llevar pesadas maletas.<\/p>\n\n\n\n<p>5. Salida: Cuando est\u00e9 listo para recuperar sus pertenencias, simplemente regrese a la ubicaci\u00f3n de almacenamiento a su conveniencia. Presente su c\u00f3digo QR para una salida r\u00e1pida y eficiente, lo que le permitir\u00e1 continuar su viaje con facilidad.<\/p>\n\n\n\n<figure class=\"wp-block-image aligncenter size-full is-resized\"><a href=\"https:\/\/radicalstorage.com\/luggage-storage\/paris\"><img loading=\"lazy\" decoding=\"async\" width=\"360\" height=\"350\" src=\"https:\/\/www.luggagestorageparis.fr\/wp-content\/uploads\/2024\/06\/radical-storage-app-3.png\" alt=\"\" class=\"wp-image-48\" style=\"width:323px;height:auto\" srcset=\"https:\/\/www.luggagestorageparis.fr\/wp-content\/uploads\/2024\/06\/radical-storage-app-3.png 360w, https:\/\/www.luggagestorageparis.fr\/wp-content\/uploads\/2024\/06\/radical-storage-app-3-300x292.png 300w\" sizes=\"auto, (max-width: 360px) 100vw, 360px\" \/><\/a><\/figure>\n\n\n\n<div class=\"wp-block-buttons is-content-justification-center is-layout-flex wp-container-core-buttons-is-layout-a89b3969 wp-block-buttons-is-layout-flex\">\n<div class=\"wp-block-button is-style-primary\"><a class=\"wp-block-button__link wp-element-button\" href=\"https:\/\/radicalstorage.com\/es\/consigna-equipaje\/paris?utm_source=microblogs&amp;utm_medium=httpswww.luggagestorageparis.fr&amp;utm_campaign=paris\">RESERVAR AHORA<\/a><\/div>\n<\/div>\n\n\n\n<div style=\"height:46px\" aria-hidden=\"true\" class=\"wp-block-spacer\"><\/div>\n\n\n\n<h2 class=\"wp-block-heading\">\u00bfD\u00f3nde encontrar consignas de equipaje cerca de las principales estaciones de Par\u00eds?<\/h2>\n\n\n\n<p>Par\u00eds cuenta con varias estaciones de tren importantes, y encontrar una consigna de equipaje cerca de estos centros de transporte puede ser un salvavidas para los viajeros. He aqu\u00ed algunas opciones:<\/p>\n\n\n\n<ul class=\"wp-block-list\">\n<li>Estaci\u00f3n del Norte: Esta estaci\u00f3n es un importante nudo de comunicaciones para trenes internacionales y nacionales, incluidos los trenes de alta velocidad a B\u00e9lgica, Pa\u00edses Bajos y Alemania.<\/li>\n\n\n\n<li>Estaci\u00f3n de Lyon: Esta estaci\u00f3n es una puerta de entrada al sureste de Francia, Suiza e Italia, con conexiones a la red de trenes de alta velocidad TGV.<\/li>\n\n\n\n<li>Estaci\u00f3n del Este: Esta estaci\u00f3n sirve principalmente trenes hacia y desde el este de Francia, Alemania y Luxemburgo.<\/li>\n\n\n\n<li>Estaci\u00f3n de Montparnasse: Esta estaci\u00f3n es un importante centro de transporte de trenes hacia y desde el oeste y suroeste de Francia.<\/li>\n\n\n\n<li>Estaci\u00f3n de Saint Lazare: Esta estaci\u00f3n es el nudo de comunicaciones de los trenes con Normand\u00eda y el noroeste de Francia.<\/li>\n\n\n\n<li>Ch\u00e2telet Les Halles: Esta estaci\u00f3n es un importante centro de transporte en el coraz\u00f3n de Par\u00eds, que da servicio a varias l\u00edneas de metro y trenes RER.<\/li>\n<\/ul>\n\n\n\n<h2 class=\"wp-block-heading\">\u00bfEl Louvre guarda bolsas?<\/h2>\n\n\n\n<p>El Museo del Louvre, uno de los museos de arte m\u00e1s famosos del mundo, cuenta con estrictas medidas de seguridad. Aunque se permiten bolsos peque\u00f1os y carteras, los visitantes no pueden introducir equipaje grande ni mochilas en el museo.&nbsp;<\/p>\n\n\n\n<p>El Louvre no dispone de consigna de equipaje en sus instalaciones, por lo que es mejor planificarlo y utilizar una de las opciones de consigna de equipaje cercanas que ofrece Radical Storage.<\/p>\n\n\n\n<h2 class=\"wp-block-heading\">\u00bfD\u00f3nde encontrar consignas de equipaje cerca de los principales lugares de inter\u00e9s de Par\u00eds?<\/h2>\n\n\n\n<p>Par\u00eds es famosa por sus atracciones emblem\u00e1ticas, y tener un lugar conveniente para guardar sus maletas puede mejorar su experiencia tur\u00edstica. Estas son algunas de las atracciones m\u00e1s populares y las opciones de consigna de equipaje m\u00e1s cercanas:<\/p>\n\n\n\n<ul class=\"wp-block-list\">\n<li>Torre Eiffel: Este emblem\u00e1tico monumento es una visita obligada en cualquier itinerario por Par\u00eds. Hay consignas de equipaje en los alrededores de Champ de Mars y Trocad\u00e9ro.<\/li>\n\n\n\n<li>Montmartre: Este encantador barrio alberga la famosa bas\u00edlica del Sacr\u00e9-C\u0153ur y animadas calles. En los alrededores se puede guardar el equipaje.<\/li>\n\n\n\n<li>Porte Maillot: Esta zona es la puerta de entrada a los Campos El\u00edseos y al Arco del Triunfo. Hay consignas de equipaje cerca de estos lugares emblem\u00e1ticos.<\/li>\n\n\n\n<li>Arco del Triunfo: Este emblem\u00e1tico monumento se encuentra en el extremo occidental de los Campos El\u00edseos. Hay consignas de equipaje en los alrededores.<\/li>\n\n\n\n<li>Museo de Orsay: Este renombrado museo de arte, ubicado en una antigua estaci\u00f3n de tren, ofrece opciones de consigna de equipaje en las inmediaciones.<\/li>\n\n\n\n<li>Galeries Lafayette Haussmann: estos emblem\u00e1ticos grandes almacenes son un popular destino de compras. En las inmediaciones se puede guardar el equipaje.<\/li>\n\n\n\n<li>Notre-Dame de Par\u00eds: Mientras la famosa catedral se encuentra en proceso de restauraci\u00f3n, en el Barrio Latino de los alrededores se puede guardar el equipaje.<\/li>\n\n\n\n<li>Barrio Latino: Este animado barrio es el centro neur\u00e1lgico de estudiantes, artistas y visitantes. Hay consignas de equipaje por toda la zona.<\/li>\n\n\n\n<li>Disneyland Par\u00eds: Este parque tem\u00e1tico de fama mundial atrae a visitantes de todo el planeta. Hay consigna de equipaje cerca de las entradas del parque.<\/li>\n\n\n\n<li>Palacio de Versalles: Este magn\u00edfico palacio y sus jardines se encuentran a las afueras de Par\u00eds. Hay consignas de equipaje cerca del palacio y en los alrededores.<\/li>\n<\/ul>\n\n\n\n<h2 class=\"wp-block-heading\">\u00bfDispone el aeropuerto de Par\u00eds de consigna de equipajes?<\/h2>\n\n\n\n<p>El aeropuerto Charles de Gaulle est\u00e1 situado a 25 km del centro de Par\u00eds.<\/p>\n\n\n\n<p><strong>Consigna de equipajes Charles de Gaulle<\/strong> El servicio \"Bagages du Monde\" le permite dejar sus maletas de forma segura en una instalaci\u00f3n situada en el interior de la terminal 2.<\/p>\n\n\n\n<p>Sin embargo, los precios de este servicio son bastante elevados. En un plazo de 3 horas, el coste oscila entre 3 y 8 euros, en funci\u00f3n del peso del equipaje. Para 24 horas, el coste oscila entre 10 y 34 euros.<\/p>\n\n\n\n<p>Para evitar los elevados costes y las posibles aglomeraciones en las instalaciones de almacenamiento de equipaje de los aeropuertos, considere la posibilidad de recurrir a proveedores alternativos de almacenamiento de equipaje como Radical Storage, que ofrece una red de almacenes seguros cerca de los aeropuertos a precios m\u00e1s asequibles.<\/p>\n\n\n\n<h2 class=\"wp-block-heading\">\u00bfC\u00f3mo proteger sus pertenencias en Par\u00eds?<\/h2>\n\n\n\n<p>Aunque Par\u00eds es en general una ciudad segura, siempre es importante tomar precauciones para proteger sus pertenencias de robos o p\u00e9rdidas. He aqu\u00ed algunos consejos:<\/p>\n\n\n\n<ul class=\"wp-block-list\">\n<li>Utilice servicios de consigna como Radical Storage para mantener sus maletas seguras mientras explora la ciudad.<\/li>\n\n\n\n<li>Evite llevar consigo cantidades excesivas de dinero en efectivo u objetos de valor.<\/li>\n\n\n\n<li>Mant\u00e9ngase alerta en las zonas concurridas, como las atracciones tur\u00edsticas, el transporte p\u00fablico y los mercados, ya que los carteristas suelen atacar estos lugares.<\/li>\n\n\n\n<li>Utiliza bolsos cruzados o cinturones para guardar tus objetos de valor cerca del cuerpo y fuera de la vista.<\/li>\n\n\n\n<li>Evite dejar sus pertenencias desatendidas, aunque sea por poco tiempo.<\/li>\n\n\n\n<li>Tenga cuidado al utilizar cajeros autom\u00e1ticos y cubra el teclado al introducir su PIN.<\/li>\n\n\n\n<li>Guarde las fotocopias o copias digitales de sus documentos importantes en un lugar separado de los originales.<\/li>\n<\/ul>\n\n\n\n<h2 class=\"wp-block-heading\">\u00bfQu\u00e9 me gustar\u00eda saber antes de viajar a Par\u00eds?&nbsp;<\/h2>\n\n\n\n<p>Visitar Par\u00eds puede ser una experiencia abrumadora, sobre todo para quienes viajan por primera vez. He aqu\u00ed algunas ideas que podr\u00edan haber facilitado el viaje:<\/p>\n\n\n\n<ul class=\"wp-block-list\">\n<li>Aprenda algunas frases b\u00e1sicas en franc\u00e9s: Aunque muchos parisinos entienden el ingl\u00e9s, hacer un esfuerzo por aprender algunas frases en franc\u00e9s puede contribuir en gran medida a que sus interacciones sean m\u00e1s agradables.<\/li>\n\n\n\n<li>Adopte la cultura del caf\u00e9: Los caf\u00e9s parisinos son algo m\u00e1s que lugares donde comer y beber. Son una parte integral de la cultura de la ciudad y un lugar ideal para observar a la gente.<\/li>\n\n\n\n<li>V\u00edstase adecuadamente: Los parisinos se enorgullecen de su aspecto, y la ropa informal est\u00e1 mal vista en los restaurantes y atracciones m\u00e1s exclusivos.<\/li>\n\n\n\n<li>Respete las normas culturales: Entender y respetar las costumbres locales, como no dirigirse a la gente con \"tu\" (el \"t\u00fa\" informal) a menos que se le invite a hacerlo.<\/li>\n\n\n\n<li>Prep\u00e1rese para las aglomeraciones: Par\u00eds es un destino tur\u00edstico muy popular, y atracciones como el Louvre y la Torre Eiffel pueden estar muy concurridas. Planif\u00edquelo y considere la posibilidad de comprar entradas sin colas o de visitar la ciudad en horas de menor afluencia.<\/li>\n\n\n\n<li>Valide sus billetes de metro: Recuerde validar sus billetes de metro en las m\u00e1quinas amarillas antes de subir para evitar multas.<\/li>\n\n\n\n<li>Abrazar el arte de la flanerie: El concepto franc\u00e9s de pasear tranquilamente y apreciar la arquitectura y el ambiente de la ciudad es una parte esencial de la experiencia parisina.<\/li>\n<\/ul>\n\n\n\n<p>Si tiene en cuenta estas ideas y utiliza servicios de almacenamiento de equipaje como Radical Storage, podr\u00e1 asegurarse una visita m\u00e1s agradable y sin contratiempos a la Ciudad de las Luces.<\/p>","protected":false},"excerpt":{"rendered":"<p>Exploring the City of Light with heavy luggage can be a cumbersome experience, weighing down your adventure and leaving you feeling burdened. Whether you&#8217;re a first-time visitor or a seasoned traveler to Paris, finding a secure and convenient place to store your bags is crucial for making the most of your time in this captivating [&hellip;]<\/p>\n","protected":false},"author":1,"featured_media":113,"parent":0,"menu_order":0,"comment_status":"closed","ping_status":"closed","template":"","meta":{"footnotes":""},"class_list":["post-44","page","type-page","status-publish","has-post-thumbnail","hentry"],"yoast_head":"<!-- This site is optimized with the Yoast SEO plugin v27.5 - https:\/\/yoast.com\/product\/yoast-seo-wordpress\/ -->\n<title>Luggage Storage Paris - Guide 2024 - luggagestorageparis.fr<\/title>\n<meta name=\"robots\" content=\"index, follow, max-snippet:-1, max-image-preview:large, max-video-preview:-1\" \/>\n<link rel=\"canonical\" href=\"https:\/\/www.luggagestorageparis.fr\/es\/\" \/>\n<meta property=\"og:locale\" content=\"es_ES\" \/>\n<meta property=\"og:type\" content=\"article\" \/>\n<meta property=\"og:title\" content=\"Luggage Storage Paris - Guide 2024 - luggagestorageparis.fr\" \/>\n<meta property=\"og:description\" content=\"Exploring the City of Light with heavy luggage can be a cumbersome experience, weighing down your adventure and leaving you feeling burdened. Whether you&#8217;re a first-time visitor or a seasoned traveler to Paris, finding a secure and convenient place to store your bags is crucial for making the most of your time in this captivating [&hellip;]\" \/>\n<meta property=\"og:url\" content=\"https:\/\/www.luggagestorageparis.fr\/es\/\" \/>\n<meta property=\"og:site_name\" content=\"luggagestorageparis.fr\" \/>\n<meta property=\"article:modified_time\" content=\"2024-10-02T13:17:54+00:00\" \/>\n<meta property=\"og:image\" content=\"https:\/\/www.luggagestorageparis.fr\/wp-content\/uploads\/2024\/07\/paris-radical-storage.jpg\" \/>\n\t<meta property=\"og:image:width\" content=\"1920\" \/>\n\t<meta property=\"og:image:height\" content=\"1284\" \/>\n\t<meta property=\"og:image:type\" content=\"image\/jpeg\" \/>\n<meta name=\"twitter:card\" content=\"summary_large_image\" \/>\n<meta name=\"twitter:label1\" content=\"Tiempo de lectura\" \/>\n\t<meta name=\"twitter:data1\" content=\"9 minutos\" \/>\n<script type=\"application\/ld+json\" class=\"yoast-schema-graph\">{\"@context\":\"https:\\\/\\\/schema.org\",\"@graph\":[{\"@type\":\"WebPage\",\"@id\":\"https:\\\/\\\/www.luggagestorageparis.fr\\\/\",\"url\":\"https:\\\/\\\/www.luggagestorageparis.fr\\\/\",\"name\":\"Luggage Storage Paris - Guide 2024 - luggagestorageparis.fr\",\"isPartOf\":{\"@id\":\"https:\\\/\\\/www.luggagestorageparis.fr\\\/#website\"},\"primaryImageOfPage\":{\"@id\":\"https:\\\/\\\/www.luggagestorageparis.fr\\\/#primaryimage\"},\"image\":{\"@id\":\"https:\\\/\\\/www.luggagestorageparis.fr\\\/#primaryimage\"},\"thumbnailUrl\":\"https:\\\/\\\/www.luggagestorageparis.fr\\\/wp-content\\\/uploads\\\/2024\\\/07\\\/paris-radical-storage.jpg\",\"datePublished\":\"2024-06-18T11:29:56+00:00\",\"dateModified\":\"2024-10-02T13:17:54+00:00\",\"breadcrumb\":{\"@id\":\"https:\\\/\\\/www.luggagestorageparis.fr\\\/#breadcrumb\"},\"inLanguage\":\"es\",\"potentialAction\":[{\"@type\":\"ReadAction\",\"target\":[\"https:\\\/\\\/www.luggagestorageparis.fr\\\/\"]}]},{\"@type\":\"ImageObject\",\"inLanguage\":\"es\",\"@id\":\"https:\\\/\\\/www.luggagestorageparis.fr\\\/#primaryimage\",\"url\":\"https:\\\/\\\/www.luggagestorageparis.fr\\\/wp-content\\\/uploads\\\/2024\\\/07\\\/paris-radical-storage.jpg\",\"contentUrl\":\"https:\\\/\\\/www.luggagestorageparis.fr\\\/wp-content\\\/uploads\\\/2024\\\/07\\\/paris-radical-storage.jpg\",\"width\":1920,\"height\":1284,\"caption\":\"paris luggage storage\"},{\"@type\":\"BreadcrumbList\",\"@id\":\"https:\\\/\\\/www.luggagestorageparis.fr\\\/#breadcrumb\",\"itemListElement\":[{\"@type\":\"ListItem\",\"position\":1,\"name\":\"Home\",\"item\":\"https:\\\/\\\/www.luggagestorageparis.fr\\\/\"},{\"@type\":\"ListItem\",\"position\":2,\"name\":\"Luggage Storage Paris &#8211; Guide 2024\"}]},{\"@type\":\"WebSite\",\"@id\":\"https:\\\/\\\/www.luggagestorageparis.fr\\\/#website\",\"url\":\"https:\\\/\\\/www.luggagestorageparis.fr\\\/\",\"name\":\"luggagestorageparis.fr\",\"description\":\"\",\"potentialAction\":[{\"@type\":\"SearchAction\",\"target\":{\"@type\":\"EntryPoint\",\"urlTemplate\":\"https:\\\/\\\/www.luggagestorageparis.fr\\\/?s={search_term_string}\"},\"query-input\":{\"@type\":\"PropertyValueSpecification\",\"valueRequired\":true,\"valueName\":\"search_term_string\"}}],\"inLanguage\":\"es\"}]}<\/script>\n<!-- \/ Yoast SEO plugin. -->","yoast_head_json":{"title":"Consigna de equipajes Par\u00eds - Guide 2024 - luggagestorageparis.fr","robots":{"index":"index","follow":"follow","max-snippet":"max-snippet:-1","max-image-preview":"max-image-preview:large","max-video-preview":"max-video-preview:-1"},"canonical":"https:\/\/www.luggagestorageparis.fr\/es\/","og_locale":"es_ES","og_type":"article","og_title":"Luggage Storage Paris - Guide 2024 - luggagestorageparis.fr","og_description":"Exploring the City of Light with heavy luggage can be a cumbersome experience, weighing down your adventure and leaving you feeling burdened. Whether you&#8217;re a first-time visitor or a seasoned traveler to Paris, finding a secure and convenient place to store your bags is crucial for making the most of your time in this captivating [&hellip;]","og_url":"https:\/\/www.luggagestorageparis.fr\/es\/","og_site_name":"luggagestorageparis.fr","article_modified_time":"2024-10-02T13:17:54+00:00","og_image":[{"width":1920,"height":1284,"url":"https:\/\/www.luggagestorageparis.fr\/wp-content\/uploads\/2024\/07\/paris-radical-storage.jpg","type":"image\/jpeg"}],"twitter_card":"summary_large_image","twitter_misc":{"Tiempo de lectura":"9 minutos"},"schema":{"@context":"https:\/\/schema.org","@graph":[{"@type":"WebPage","@id":"https:\/\/www.luggagestorageparis.fr\/","url":"https:\/\/www.luggagestorageparis.fr\/","name":"Consigna de equipajes Par\u00eds - Guide 2024 - luggagestorageparis.fr","isPartOf":{"@id":"https:\/\/www.luggagestorageparis.fr\/#website"},"primaryImageOfPage":{"@id":"https:\/\/www.luggagestorageparis.fr\/#primaryimage"},"image":{"@id":"https:\/\/www.luggagestorageparis.fr\/#primaryimage"},"thumbnailUrl":"https:\/\/www.luggagestorageparis.fr\/wp-content\/uploads\/2024\/07\/paris-radical-storage.jpg","datePublished":"2024-06-18T11:29:56+00:00","dateModified":"2024-10-02T13:17:54+00:00","breadcrumb":{"@id":"https:\/\/www.luggagestorageparis.fr\/#breadcrumb"},"inLanguage":"es","potentialAction":[{"@type":"ReadAction","target":["https:\/\/www.luggagestorageparis.fr\/"]}]},{"@type":"ImageObject","inLanguage":"es","@id":"https:\/\/www.luggagestorageparis.fr\/#primaryimage","url":"https:\/\/www.luggagestorageparis.fr\/wp-content\/uploads\/2024\/07\/paris-radical-storage.jpg","contentUrl":"https:\/\/www.luggagestorageparis.fr\/wp-content\/uploads\/2024\/07\/paris-radical-storage.jpg","width":1920,"height":1284,"caption":"paris luggage storage"},{"@type":"BreadcrumbList","@id":"https:\/\/www.luggagestorageparis.fr\/#breadcrumb","itemListElement":[{"@type":"ListItem","position":1,"name":"Home","item":"https:\/\/www.luggagestorageparis.fr\/"},{"@type":"ListItem","position":2,"name":"Luggage Storage Paris &#8211; Guide 2024"}]},{"@type":"WebSite","@id":"https:\/\/www.luggagestorageparis.fr\/#website","url":"https:\/\/www.luggagestorageparis.fr\/","name":"luggagestorageparis.fr","description":"","potentialAction":[{"@type":"SearchAction","target":{"@type":"EntryPoint","urlTemplate":"https:\/\/www.luggagestorageparis.fr\/?s={search_term_string}"},"query-input":{"@type":"PropertyValueSpecification","valueRequired":true,"valueName":"search_term_string"}}],"inLanguage":"es"}]}},"_links":{"self":[{"href":"https:\/\/www.luggagestorageparis.fr\/es\/wp-json\/wp\/v2\/pages\/44","targetHints":{"allow":["GET"]}}],"collection":[{"href":"https:\/\/www.luggagestorageparis.fr\/es\/wp-json\/wp\/v2\/pages"}],"about":[{"href":"https:\/\/www.luggagestorageparis.fr\/es\/wp-json\/wp\/v2\/types\/page"}],"author":[{"embeddable":true,"href":"https:\/\/www.luggagestorageparis.fr\/es\/wp-json\/wp\/v2\/users\/1"}],"replies":[{"embeddable":true,"href":"https:\/\/www.luggagestorageparis.fr\/es\/wp-json\/wp\/v2\/comments?post=44"}],"version-history":[{"count":0,"href":"https:\/\/www.luggagestorageparis.fr\/es\/wp-json\/wp\/v2\/pages\/44\/revisions"}],"wp:featuredmedia":[{"embeddable":true,"href":"https:\/\/www.luggagestorageparis.fr\/es\/wp-json\/wp\/v2\/media\/113"}],"wp:attachment":[{"href":"https:\/\/www.luggagestorageparis.fr\/es\/wp-json\/wp\/v2\/media?parent=44"}],"curies":[{"name":"wp","href":"https:\/\/api.w.org\/{rel}","templated":true}]}}